{"id":63,"date":"2020-07-28T15:17:08","date_gmt":"2020-07-28T15:17:08","guid":{"rendered":"https:\/\/reboq.me\/?page_id=63"},"modified":"2020-08-14T12:47:36","modified_gmt":"2020-08-14T12:47:36","slug":"especificacoes","status":"publish","type":"page","link":"https:\/\/reboq.com.br\/es\/especificacoes\/","title":{"rendered":"Especificaciones"},"content":{"rendered":"<div data-elementor-type=\"wp-page\" data-elementor-id=\"63\" class=\"elementor elementor-63\" data-elementor-post-type=\"page\">\n\t\t\t\t\t\t<section class=\"elementor-section elementor-top-section elementor-element elementor-element-4c49289 elementor-section-boxed elementor-section-height-default elementor-section-height-default\" data-id=\"4c49289\" data-element_type=\"section\" data-e-type=\"section\" data-settings=\"{&quot;background_background&quot;:&quot;classic&quot;}\">\n\t\t\t\t\t\t<div class=\"elementor-container elementor-column-gap-default\">\n\t\t\t\t\t<div class=\"elementor-column elementor-col-100 elementor-top-column elementor-element elementor-element-25d2c3c8\" data-id=\"25d2c3c8\" data-element_type=\"column\" data-e-type=\"column\">\n\t\t\t<div class=\"elementor-widget-wrap elementor-element-populated\">\n\t\t\t\t\t\t<div class=\"elementor-element elementor-element-3a0d52ce elementor-widget elementor-widget-heading\" data-id=\"3a0d52ce\" data-element_type=\"widget\" data-e-type=\"widget\" data-widget_type=\"heading.default\">\n\t\t\t\t<div class=\"elementor-widget-container\">\n\t\t\t\t\t<h2 class=\"elementor-heading-title elementor-size-default\">Especificaciones<\/h2>\t\t\t\t<\/div>\n\t\t\t\t<\/div>\n\t\t\t\t<div class=\"elementor-element elementor-element-67c2c17 elementor-widget elementor-widget-spacer\" data-id=\"67c2c17\" data-element_type=\"widget\" data-e-type=\"widget\" data-widget_type=\"spacer.default\">\n\t\t\t\t<div class=\"elementor-widget-container\">\n\t\t\t\t\t\t\t<div class=\"elementor-spacer\">\n\t\t\t<div class=\"elementor-spacer-inner\"><\/div>\n\t\t<\/div>\n\t\t\t\t\t\t<\/div>\n\t\t\t\t<\/div>\n\t\t\t\t<div class=\"elementor-element elementor-element-783e565f elementor-widget elementor-widget-text-editor\" data-id=\"783e565f\" data-element_type=\"widget\" data-e-type=\"widget\" data-widget_type=\"text-editor.default\">\n\t\t\t\t<div class=\"elementor-widget-container\">\n\t\t\t\t\t\t\t\t\t<p><b>CARACTER\u00cdSTICAS GENERALES DEL RE.BO.Q<\/b><\/p><p><b>\u00a0<\/b><\/p><ul><li><span style=\"font-weight: 400;\">\u00a0<\/span><b>Peso (TARA)<\/b><span style=\"font-weight: 400;\">: 60 Kg<\/span><\/li><li><span style=\"font-weight: 400;\">\u00a0<\/span><b>Dimensiones:<\/b><br \/><ul style=\"font-weight: 400;\"><li style=\"font-weight: 400;\"><span style=\"font-weight: 400;\">Montado: 3,05 m (largo) x 1,67 m (ancho)<\/span><\/li><li style=\"font-weight: 400;\"><span style=\"font-weight: 400;\">\u00a0Desmontado: 95 cm (longitud) x 45 cm (alto y ancho)<\/span><\/li><\/ul><\/li><li><span style=\"font-weight: 400;\">\u00a0<\/span><b>Capacidad de carga:<\/b><span style=\"font-weight: 400;\"> hasta 450Kg (m\u00e1s que el peso de cualquier scooter o moto)<\/span><\/li><li><b> Velocidad M\u00e1xima:<\/b><span style=\"font-weight: 400;\"> que se permite en la carretera para veh\u00edculos con remolque<\/span><\/li><li><span style=\"font-weight: 400;\">\u00a0<\/span><b>Montaje: <\/b><span style=\"font-weight: 400;\">facilitado sin necesidad de ninguna herramienta<\/span><\/li><li><span style=\"font-weight: 400;\">\u00a0<\/span><b>Portatil:<\/b><span style=\"font-weight: 400;\"> puede ser transportado en una bolsa integrante del RE.BO.Q.<\/span><\/li><\/ul><h3><b>El RE.BO.Q ES COMPUESTO DE:<\/b><\/h3><ul><li><b>10 m\u00f3dulos<\/b><span style=\"font-weight: 400;\"> donde el m\u00e1s pesado pesa hasta 10 Kg<\/span><\/li><li><b>Accesorios<\/b><span style=\"font-weight: 400;\"> que incluyen bolsa de lona, cintas con catracas para amarre de la moto o scooter, bomba con man\u00f3metro para calibrar los neum\u00e1ticos, guantes de protecci\u00f3n, entre otros.<\/span><\/li><\/ul>\t\t\t\t\t\t\t\t<\/div>\n\t\t\t\t<\/div>\n\t\t\t\t<div class=\"elementor-element elementor-element-298c3df6 elementor-align-center elementor-widget elementor-widget-button\" data-id=\"298c3df6\" data-element_type=\"widget\" data-e-type=\"widget\" data-widget_type=\"button.default\">\n\t\t\t\t<div class=\"elementor-widget-container\">\n\t\t\t\t\t\t\t\t\t<div class=\"elementor-button-wrapper\">\n\t\t\t\t\t<a class=\"elementor-button elementor-button-link elementor-size-md\" href=\"https:\/\/reboq.com.br\/es\/contato\/\">\n\t\t\t\t\t\t<span class=\"elementor-button-content-wrapper\">\n\t\t\t\t\t\t\t\t\t<span class=\"elementor-button-text\">Quiero comprar mi Re.bo.q<\/span>\n\t\t\t\t\t<\/span>\n\t\t\t\t\t<\/a>\n\t\t\t\t<\/div>\n\t\t\t\t\t\t\t\t<\/div>\n\t\t\t\t<\/div>\n\t\t\t\t\t<\/div>\n\t\t<\/div>\n\t\t\t\t\t<\/div>\n\t\t<\/section>\n\t\t\t\t<\/div>","protected":false},"excerpt":{"rendered":"<p>Especifica\u00e7\u00f5es CARACTER\u00cdSTICAS GERAIS DO RE.BO.Q \u00a0 \u00a0Peso (TARA): 60 Kg \u00a0Dimens\u00f5es: Montado: 3,05 m (comprimento) x 1,67 m (largura) \u00a0Desmontado: 95 cm (comprimento) x 45 cm (altura e largura) \u00a0Capacidade de Carga: at\u00e9 450 Kg (mais do que o peso de qualquer scooter ou moto) Velocidade M\u00e1xima: a permitida na via para ve\u00edculos com reboque [&hellip;]<\/p>\n","protected":false},"author":1,"featured_media":0,"parent":0,"menu_order":0,"comment_status":"closed","ping_status":"closed","template":"elementor_header_footer","meta":{"footnotes":""},"class_list":["post-63","page","type-page","status-publish","hentry"],"_links":{"self":[{"href":"https:\/\/reboq.com.br\/es\/wp-json\/wp\/v2\/pages\/63","targetHints":{"allow":["GET"]}}],"collection":[{"href":"https:\/\/reboq.com.br\/es\/wp-json\/wp\/v2\/pages"}],"about":[{"href":"https:\/\/reboq.com.br\/es\/wp-json\/wp\/v2\/types\/page"}],"author":[{"embeddable":true,"href":"https:\/\/reboq.com.br\/es\/wp-json\/wp\/v2\/users\/1"}],"replies":[{"embeddable":true,"href":"https:\/\/reboq.com.br\/es\/wp-json\/wp\/v2\/comments?post=63"}],"version-history":[{"count":7,"href":"https:\/\/reboq.com.br\/es\/wp-json\/wp\/v2\/pages\/63\/revisions"}],"predecessor-version":[{"id":271,"href":"https:\/\/reboq.com.br\/es\/wp-json\/wp\/v2\/pages\/63\/revisions\/271"}],"wp:attachment":[{"href":"https:\/\/reboq.com.br\/es\/wp-json\/wp\/v2\/media?parent=63"}],"curies":[{"name":"wp","href":"https:\/\/api.w.org\/{rel}","templated":true}]}}