{"id":58,"date":"2020-07-28T15:08:34","date_gmt":"2020-07-28T15:08:34","guid":{"rendered":"https:\/\/reboq.me\/?page_id=58"},"modified":"2020-08-14T17:57:53","modified_gmt":"2020-08-14T17:57:53","slug":"quem-somos","status":"publish","type":"page","link":"https:\/\/reboq.com.br\/es\/quem-somos\/","title":{"rendered":"Sobre nosotros"},"content":{"rendered":"<div data-elementor-type=\"wp-page\" data-elementor-id=\"58\" class=\"elementor elementor-58\" data-elementor-post-type=\"page\">\n\t\t\t\t\t\t<section class=\"elementor-section elementor-top-section elementor-element elementor-element-7f232939 elementor-section-full_width elementor-section-height-default elementor-section-height-default\" data-id=\"7f232939\" data-element_type=\"section\" data-e-type=\"section\" data-settings=\"{&quot;background_background&quot;:&quot;classic&quot;}\">\n\t\t\t\t\t\t<div class=\"elementor-container elementor-column-gap-default\">\n\t\t\t\t\t<div class=\"elementor-column elementor-col-50 elementor-top-column elementor-element elementor-element-1846b617\" data-id=\"1846b617\" data-element_type=\"column\" data-e-type=\"column\">\n\t\t\t<div class=\"elementor-widget-wrap elementor-element-populated\">\n\t\t\t\t\t\t<div class=\"elementor-element elementor-element-6f454d7 elementor-widget elementor-widget-image\" data-id=\"6f454d7\" data-element_type=\"widget\" data-e-type=\"widget\" data-widget_type=\"image.default\">\n\t\t\t\t<div class=\"elementor-widget-container\">\n\t\t\t\t\t\t\t\t\t\t\t\t\t\t\t<img fetchpriority=\"high\" decoding=\"async\" width=\"1280\" height=\"960\" src=\"https:\/\/reboq.com.br\/wp-content\/uploads\/2020\/07\/Jorge-e-Ant\u00f4nio-Duarte-irm\u00e3os-s\u00f3cios-da-RE.BO_.Q.jpg\" class=\"attachment-full size-full wp-image-21\" alt=\"\" srcset=\"https:\/\/reboq.com.br\/wp-content\/uploads\/2020\/07\/Jorge-e-Ant\u00f4nio-Duarte-irm\u00e3os-s\u00f3cios-da-RE.BO_.Q.jpg 1280w, https:\/\/reboq.com.br\/wp-content\/uploads\/2020\/07\/Jorge-e-Ant\u00f4nio-Duarte-irm\u00e3os-s\u00f3cios-da-RE.BO_.Q-300x225.jpg 300w, https:\/\/reboq.com.br\/wp-content\/uploads\/2020\/07\/Jorge-e-Ant\u00f4nio-Duarte-irm\u00e3os-s\u00f3cios-da-RE.BO_.Q-1024x768.jpg 1024w, https:\/\/reboq.com.br\/wp-content\/uploads\/2020\/07\/Jorge-e-Ant\u00f4nio-Duarte-irm\u00e3os-s\u00f3cios-da-RE.BO_.Q-768x576.jpg 768w\" sizes=\"(max-width: 1280px) 100vw, 1280px\" \/>\t\t\t\t\t\t\t\t\t\t\t\t\t\t\t<\/div>\n\t\t\t\t<\/div>\n\t\t\t\t<div class=\"elementor-element elementor-element-9128653 elementor-widget elementor-widget-image\" data-id=\"9128653\" data-element_type=\"widget\" data-e-type=\"widget\" data-widget_type=\"image.default\">\n\t\t\t\t<div class=\"elementor-widget-container\">\n\t\t\t\t\t\t\t\t\t\t\t\t\t\t\t<img decoding=\"async\" width=\"2048\" height=\"1365\" src=\"https:\/\/reboq.com.br\/wp-content\/uploads\/2020\/07\/RE.BO_.Q_Vespa-300-2048x1365.jpg\" class=\"attachment-2048x2048 size-2048x2048 wp-image-36\" alt=\"\" srcset=\"https:\/\/reboq.com.br\/wp-content\/uploads\/2020\/07\/RE.BO_.Q_Vespa-300-2048x1365.jpg 2048w, https:\/\/reboq.com.br\/wp-content\/uploads\/2020\/07\/RE.BO_.Q_Vespa-300-300x200.jpg 300w, https:\/\/reboq.com.br\/wp-content\/uploads\/2020\/07\/RE.BO_.Q_Vespa-300-1024x683.jpg 1024w, https:\/\/reboq.com.br\/wp-content\/uploads\/2020\/07\/RE.BO_.Q_Vespa-300-768x512.jpg 768w, https:\/\/reboq.com.br\/wp-content\/uploads\/2020\/07\/RE.BO_.Q_Vespa-300-1536x1024.jpg 1536w\" sizes=\"(max-width: 2048px) 100vw, 2048px\" \/>\t\t\t\t\t\t\t\t\t\t\t\t\t\t\t<\/div>\n\t\t\t\t<\/div>\n\t\t\t\t\t<\/div>\n\t\t<\/div>\n\t\t\t\t<div class=\"elementor-column elementor-col-50 elementor-top-column elementor-element elementor-element-581a50a8\" data-id=\"581a50a8\" data-element_type=\"column\" data-e-type=\"column\">\n\t\t\t<div class=\"elementor-widget-wrap elementor-element-populated\">\n\t\t\t\t\t\t<div class=\"elementor-element elementor-element-d1ce44e elementor-widget elementor-widget-heading\" data-id=\"d1ce44e\" data-element_type=\"widget\" data-e-type=\"widget\" data-widget_type=\"heading.default\">\n\t\t\t\t<div class=\"elementor-widget-container\">\n\t\t\t\t\t<h2 class=\"elementor-heading-title elementor-size-default\">Sobre nosotros<\/h2>\t\t\t\t<\/div>\n\t\t\t\t<\/div>\n\t\t\t\t<div class=\"elementor-element elementor-element-6b00d8fa elementor-widget elementor-widget-text-editor\" data-id=\"6b00d8fa\" data-element_type=\"widget\" data-e-type=\"widget\" data-widget_type=\"text-editor.default\">\n\t\t\t\t<div class=\"elementor-widget-container\">\n\t\t\t\t\t\t\t\t\t<p><span style=\"font-weight: 400;\">Jorge Duarte es ingeniero mec\u00e1nico e industrial, siempre le gust\u00f3 andar en motocicleta. Hoy monta una Vespa\u00ae de 300 litros, pero su trasero favorito, Gloria, la novia eterna durante m\u00e1s de 50 a\u00f1os, ya no tiene la misma disposici\u00f3n para estos paseos.<\/span><\/p>\n<p><span style=\"font-weight: 400;\"><br><\/span><\/p>\n<p><span style=\"font-weight: 400;\">Lo que pod\u00eda ser un problema, las ganas de seguir conduciendo en moto pero hacer compa\u00f1\u00eda, se convirti\u00f3, de hecho, en inspiraci\u00f3n: montar un remolque para poder viajar en coche llevando Vespa para los recorridos locales. Por eso Jorge ensambl\u00f3 el primer RE.BO.Q a mano: liviano y extra\u00edble, se puede guardar en una bolsa y no requiere herramientas en su montaje o desmontaje.<\/span><\/p>\n<p><span style=\"font-weight: 400;\"><br><\/span><\/p>\n<p><span style=\"font-weight: 400;\">Antonio Duarte, hermano menor de Jorge, es piloto de Infanter\u00eda de Marina, helic\u00f3pteros y motocicletas. Conduce un motor BMW RT 1200. Despu\u00e9s de retirarse, los recorridos con grandes grupos de motociclistas se hicieron m\u00e1s frecuentes.<\/span><\/p>\n<p><span style=\"font-weight: 400;\"><br><\/span><\/p>\n<p><span style=\"font-weight: 400;\">Cuando Antonio mencion\u00f3 el producto de su hermano a sus compa\u00f1eros de ruta, qued\u00f3 claro que el deseo de llevar la motocicleta en los viajes en autom\u00f3vil era asunto de varias personas que pronto se interesaron por el producto.<\/span><\/p>\n<p><span style=\"font-weight: 400;\"><br><\/span><\/p>\n<p><span style=\"font-weight: 400;\">RE.BO.Q comenz\u00f3 a pedirse incluso antes de la finalizaci\u00f3n de la primera versi\u00f3n, lo que hizo que los hermanos se unieran ahora como socios, formando una empresa y produciendo RE.BO.Q de manera industrial.<\/span><\/p>\n<p><span style=\"font-weight: 400;\"><br><\/span><\/p>\n<p><span style=\"font-weight: 400;\">Lo que fue una pasi\u00f3n personal, producido a mano para uso individual, se convirti\u00f3 en un producto industrializado, con patente registrada y lanzada en julio de 2016 durante el evento Bras\u00edlia Capital Moto Week.<\/span><\/p>\t\t\t\t\t\t\t\t<\/div>\n\t\t\t\t<\/div>\n\t\t\t\t<div class=\"elementor-element elementor-element-6639f368 elementor-align-center elementor-widget elementor-widget-button\" data-id=\"6639f368\" data-element_type=\"widget\" data-e-type=\"widget\" data-widget_type=\"button.default\">\n\t\t\t\t<div class=\"elementor-widget-container\">\n\t\t\t\t\t\t\t\t\t<div class=\"elementor-button-wrapper\">\n\t\t\t\t\t<a class=\"elementor-button elementor-button-link elementor-size-md\" href=\"https:\/\/reboq.com.br\/es\/contato\/\">\n\t\t\t\t\t\t<span class=\"elementor-button-content-wrapper\">\n\t\t\t\t\t\t\t\t\t<span class=\"elementor-button-text\">Quiero comprar mi Re.bo.q<\/span>\n\t\t\t\t\t<\/span>\n\t\t\t\t\t<\/a>\n\t\t\t\t<\/div>\n\t\t\t\t\t\t\t\t<\/div>\n\t\t\t\t<\/div>\n\t\t\t\t\t<\/div>\n\t\t<\/div>\n\t\t\t\t\t<\/div>\n\t\t<\/section>\n\t\t\t\t<section class=\"elementor-section elementor-top-section elementor-element elementor-element-1e0f2f55 elementor-section-full_width elementor-section-height-default elementor-section-height-default elementor-invisible\" data-id=\"1e0f2f55\" data-element_type=\"section\" data-e-type=\"section\" data-settings=\"{&quot;background_background&quot;:&quot;classic&quot;,&quot;animation&quot;:&quot;fadeInUp&quot;}\">\n\t\t\t\t\t\t<div class=\"elementor-container elementor-column-gap-no\">\n\t\t\t\t\t<div class=\"elementor-column elementor-col-100 elementor-top-column elementor-element elementor-element-2bbe070b\" data-id=\"2bbe070b\" data-element_type=\"column\" data-e-type=\"column\">\n\t\t\t<div class=\"elementor-widget-wrap\">\n\t\t\t\t\t\t\t<\/div>\n\t\t<\/div>\n\t\t\t\t\t<\/div>\n\t\t<\/section>\n\t\t\t\t<\/div>","protected":false},"excerpt":{"rendered":"<p>Quem Somos Jorge Duarte \u00e9 engenheiro mec\u00e2nico e industrial, sempre gostou de andar de moto. Hoje pilota uma Vespa\u00ae 300 cilindradas, mas a sua garupa predileta \u2013 Gloria, a eterna namorada h\u00e1 mais de 50 anos, j\u00e1 n\u00e3o tem a mesma disposi\u00e7\u00e3o para esses passeios. O que poderia ser um problema, a vontade de continuar [&hellip;]<\/p>\n","protected":false},"author":1,"featured_media":0,"parent":0,"menu_order":0,"comment_status":"closed","ping_status":"closed","template":"elementor_header_footer","meta":{"footnotes":""},"class_list":["post-58","page","type-page","status-publish","hentry"],"_links":{"self":[{"href":"https:\/\/reboq.com.br\/es\/wp-json\/wp\/v2\/pages\/58","targetHints":{"allow":["GET"]}}],"collection":[{"href":"https:\/\/reboq.com.br\/es\/wp-json\/wp\/v2\/pages"}],"about":[{"href":"https:\/\/reboq.com.br\/es\/wp-json\/wp\/v2\/types\/page"}],"author":[{"embeddable":true,"href":"https:\/\/reboq.com.br\/es\/wp-json\/wp\/v2\/users\/1"}],"replies":[{"embeddable":true,"href":"https:\/\/reboq.com.br\/es\/wp-json\/wp\/v2\/comments?post=58"}],"version-history":[{"count":10,"href":"https:\/\/reboq.com.br\/es\/wp-json\/wp\/v2\/pages\/58\/revisions"}],"predecessor-version":[{"id":278,"href":"https:\/\/reboq.com.br\/es\/wp-json\/wp\/v2\/pages\/58\/revisions\/278"}],"wp:attachment":[{"href":"https:\/\/reboq.com.br\/es\/wp-json\/wp\/v2\/media?parent=58"}],"curies":[{"name":"wp","href":"https:\/\/api.w.org\/{rel}","templated":true}]}}