{"id":58,"date":"2020-07-28T15:08:34","date_gmt":"2020-07-28T15:08:34","guid":{"rendered":"https:\/\/reboq.me\/?page_id=58"},"modified":"2020-08-14T17:57:53","modified_gmt":"2020-08-14T17:57:53","slug":"quem-somos","status":"publish","type":"page","link":"https:\/\/reboq.com.br\/en\/quem-somos\/","title":{"rendered":"About"},"content":{"rendered":"<div data-elementor-type=\"wp-page\" data-elementor-id=\"58\" class=\"elementor elementor-58\" data-elementor-post-type=\"page\">\n\t\t\t\t\t\t<section class=\"elementor-section elementor-top-section elementor-element elementor-element-7f232939 elementor-section-full_width elementor-section-height-default elementor-section-height-default\" data-id=\"7f232939\" data-element_type=\"section\" data-e-type=\"section\" data-settings=\"{&quot;background_background&quot;:&quot;classic&quot;}\">\n\t\t\t\t\t\t<div class=\"elementor-container elementor-column-gap-default\">\n\t\t\t\t\t<div class=\"elementor-column elementor-col-50 elementor-top-column elementor-element elementor-element-1846b617\" data-id=\"1846b617\" data-element_type=\"column\" data-e-type=\"column\">\n\t\t\t<div class=\"elementor-widget-wrap elementor-element-populated\">\n\t\t\t\t\t\t<div class=\"elementor-element elementor-element-6f454d7 elementor-widget elementor-widget-image\" data-id=\"6f454d7\" data-element_type=\"widget\" data-e-type=\"widget\" data-widget_type=\"image.default\">\n\t\t\t\t<div class=\"elementor-widget-container\">\n\t\t\t\t\t\t\t\t\t\t\t\t\t\t\t<img fetchpriority=\"high\" decoding=\"async\" width=\"1280\" height=\"960\" src=\"https:\/\/reboq.com.br\/wp-content\/uploads\/2020\/07\/Jorge-e-Ant\u00f4nio-Duarte-irm\u00e3os-s\u00f3cios-da-RE.BO_.Q.jpg\" class=\"attachment-full size-full wp-image-21\" alt=\"\" srcset=\"https:\/\/reboq.com.br\/wp-content\/uploads\/2020\/07\/Jorge-e-Ant\u00f4nio-Duarte-irm\u00e3os-s\u00f3cios-da-RE.BO_.Q.jpg 1280w, https:\/\/reboq.com.br\/wp-content\/uploads\/2020\/07\/Jorge-e-Ant\u00f4nio-Duarte-irm\u00e3os-s\u00f3cios-da-RE.BO_.Q-300x225.jpg 300w, https:\/\/reboq.com.br\/wp-content\/uploads\/2020\/07\/Jorge-e-Ant\u00f4nio-Duarte-irm\u00e3os-s\u00f3cios-da-RE.BO_.Q-1024x768.jpg 1024w, https:\/\/reboq.com.br\/wp-content\/uploads\/2020\/07\/Jorge-e-Ant\u00f4nio-Duarte-irm\u00e3os-s\u00f3cios-da-RE.BO_.Q-768x576.jpg 768w\" sizes=\"(max-width: 1280px) 100vw, 1280px\" \/>\t\t\t\t\t\t\t\t\t\t\t\t\t\t\t<\/div>\n\t\t\t\t<\/div>\n\t\t\t\t<div class=\"elementor-element elementor-element-9128653 elementor-widget elementor-widget-image\" data-id=\"9128653\" data-element_type=\"widget\" data-e-type=\"widget\" data-widget_type=\"image.default\">\n\t\t\t\t<div class=\"elementor-widget-container\">\n\t\t\t\t\t\t\t\t\t\t\t\t\t\t\t<img decoding=\"async\" width=\"2048\" height=\"1365\" src=\"https:\/\/reboq.com.br\/wp-content\/uploads\/2020\/07\/RE.BO_.Q_Vespa-300-2048x1365.jpg\" class=\"attachment-2048x2048 size-2048x2048 wp-image-36\" alt=\"\" srcset=\"https:\/\/reboq.com.br\/wp-content\/uploads\/2020\/07\/RE.BO_.Q_Vespa-300-2048x1365.jpg 2048w, https:\/\/reboq.com.br\/wp-content\/uploads\/2020\/07\/RE.BO_.Q_Vespa-300-300x200.jpg 300w, https:\/\/reboq.com.br\/wp-content\/uploads\/2020\/07\/RE.BO_.Q_Vespa-300-1024x683.jpg 1024w, https:\/\/reboq.com.br\/wp-content\/uploads\/2020\/07\/RE.BO_.Q_Vespa-300-768x512.jpg 768w, https:\/\/reboq.com.br\/wp-content\/uploads\/2020\/07\/RE.BO_.Q_Vespa-300-1536x1024.jpg 1536w\" sizes=\"(max-width: 2048px) 100vw, 2048px\" \/>\t\t\t\t\t\t\t\t\t\t\t\t\t\t\t<\/div>\n\t\t\t\t<\/div>\n\t\t\t\t\t<\/div>\n\t\t<\/div>\n\t\t\t\t<div class=\"elementor-column elementor-col-50 elementor-top-column elementor-element elementor-element-581a50a8\" data-id=\"581a50a8\" data-element_type=\"column\" data-e-type=\"column\">\n\t\t\t<div class=\"elementor-widget-wrap elementor-element-populated\">\n\t\t\t\t\t\t<div class=\"elementor-element elementor-element-d1ce44e elementor-widget elementor-widget-heading\" data-id=\"d1ce44e\" data-element_type=\"widget\" data-e-type=\"widget\" data-widget_type=\"heading.default\">\n\t\t\t\t<div class=\"elementor-widget-container\">\n\t\t\t\t\t<h2 class=\"elementor-heading-title elementor-size-default\">About<\/h2>\t\t\t\t<\/div>\n\t\t\t\t<\/div>\n\t\t\t\t<div class=\"elementor-element elementor-element-6b00d8fa elementor-widget elementor-widget-text-editor\" data-id=\"6b00d8fa\" data-element_type=\"widget\" data-e-type=\"widget\" data-widget_type=\"text-editor.default\">\n\t\t\t\t<div class=\"elementor-widget-container\">\n\t\t\t\t\t\t\t\t\t<p><span style=\"font-weight: 400;\">Jorge Duarte is a mechanical and industrial engineer, always liked to ride a motorcycle. Today he rides a 300cc Vespa\u00ae, but his favorite croup - Gloria, the eternal girlfriend for over 50 years, no longer has the same disposition for these rides.<\/span><\/p>\n<p><span style=\"font-weight: 400;\"><br><\/span><\/p>\n<p><span style=\"font-weight: 400;\">What could be a problem, the desire to continue to ride a motorcycle but keep the company, became, in fact, inspiration: to mount a trailer to be able to travel by car taking Vespa for the local tours. So Jorge assembled the first RE.BO.Q by hand: light and removable, it can be stored in a bag and does not require tools in its assembly or disassembly.<\/span><\/p>\n<p><span style=\"font-weight: 400;\"><br><\/span><\/p>\n<p><span style=\"font-weight: 400;\">Antonio Duarte, Jorge's younger brother, is a Marine, helicopters and motorcycles pilot. Drives a BMW RT 1200cc. After retiring, tours with large groups of motorcyclists became more frequent.<\/span><\/p>\n<p><span style=\"font-weight: 400;\"><br><\/span><\/p>\n<p><span style=\"font-weight: 400;\">When Antonio mentioned his brother's product to his road companions, it was clear that the desire to take the motorcycle on car trips was a matter for several people who soon became interested in the product.<\/span><\/p>\n<p><span style=\"font-weight: 400;\"><br><\/span><\/p>\n<p><span style=\"font-weight: 400;\">RE.BO.Q started to be ordered even before the completion of its first version, which made the brothers to join now as partners, forming a company to produce RE.BO.Q in an industrial way.<\/span><\/p>\n<p><span style=\"font-weight: 400;\"><br><\/span><\/p>\n<p><span style=\"font-weight: 400;\">What was a personal passion, produced by hand for individual use, became an industrialized product, with patent filed and being launched in July 2016 during the Bras\u00edlia Capital Moto Week event<\/span><\/p>\t\t\t\t\t\t\t\t<\/div>\n\t\t\t\t<\/div>\n\t\t\t\t<div class=\"elementor-element elementor-element-6639f368 elementor-align-center elementor-widget elementor-widget-button\" data-id=\"6639f368\" data-element_type=\"widget\" data-e-type=\"widget\" data-widget_type=\"button.default\">\n\t\t\t\t<div class=\"elementor-widget-container\">\n\t\t\t\t\t\t\t\t\t<div class=\"elementor-button-wrapper\">\n\t\t\t\t\t<a class=\"elementor-button elementor-button-link elementor-size-md\" href=\"https:\/\/reboq.com.br\/en\/contato\/\">\n\t\t\t\t\t\t<span class=\"elementor-button-content-wrapper\">\n\t\t\t\t\t\t\t\t\t<span class=\"elementor-button-text\">I want to purchase my Re.bo.q<\/span>\n\t\t\t\t\t<\/span>\n\t\t\t\t\t<\/a>\n\t\t\t\t<\/div>\n\t\t\t\t\t\t\t\t<\/div>\n\t\t\t\t<\/div>\n\t\t\t\t\t<\/div>\n\t\t<\/div>\n\t\t\t\t\t<\/div>\n\t\t<\/section>\n\t\t\t\t<section class=\"elementor-section elementor-top-section elementor-element elementor-element-1e0f2f55 elementor-section-full_width elementor-section-height-default elementor-section-height-default elementor-invisible\" data-id=\"1e0f2f55\" data-element_type=\"section\" data-e-type=\"section\" data-settings=\"{&quot;background_background&quot;:&quot;classic&quot;,&quot;animation&quot;:&quot;fadeInUp&quot;}\">\n\t\t\t\t\t\t<div class=\"elementor-container elementor-column-gap-no\">\n\t\t\t\t\t<div class=\"elementor-column elementor-col-100 elementor-top-column elementor-element elementor-element-2bbe070b\" data-id=\"2bbe070b\" data-element_type=\"column\" data-e-type=\"column\">\n\t\t\t<div class=\"elementor-widget-wrap\">\n\t\t\t\t\t\t\t<\/div>\n\t\t<\/div>\n\t\t\t\t\t<\/div>\n\t\t<\/section>\n\t\t\t\t<\/div>","protected":false},"excerpt":{"rendered":"<p>Quem Somos Jorge Duarte \u00e9 engenheiro mec\u00e2nico e industrial, sempre gostou de andar de moto. Hoje pilota uma Vespa\u00ae 300 cilindradas, mas a sua garupa predileta \u2013 Gloria, a eterna namorada h\u00e1 mais de 50 anos, j\u00e1 n\u00e3o tem a mesma disposi\u00e7\u00e3o para esses passeios. O que poderia ser um problema, a vontade de continuar [&hellip;]<\/p>\n","protected":false},"author":1,"featured_media":0,"parent":0,"menu_order":0,"comment_status":"closed","ping_status":"closed","template":"elementor_header_footer","meta":{"footnotes":""},"class_list":["post-58","page","type-page","status-publish","hentry"],"_links":{"self":[{"href":"https:\/\/reboq.com.br\/en\/wp-json\/wp\/v2\/pages\/58","targetHints":{"allow":["GET"]}}],"collection":[{"href":"https:\/\/reboq.com.br\/en\/wp-json\/wp\/v2\/pages"}],"about":[{"href":"https:\/\/reboq.com.br\/en\/wp-json\/wp\/v2\/types\/page"}],"author":[{"embeddable":true,"href":"https:\/\/reboq.com.br\/en\/wp-json\/wp\/v2\/users\/1"}],"replies":[{"embeddable":true,"href":"https:\/\/reboq.com.br\/en\/wp-json\/wp\/v2\/comments?post=58"}],"version-history":[{"count":10,"href":"https:\/\/reboq.com.br\/en\/wp-json\/wp\/v2\/pages\/58\/revisions"}],"predecessor-version":[{"id":278,"href":"https:\/\/reboq.com.br\/en\/wp-json\/wp\/v2\/pages\/58\/revisions\/278"}],"wp:attachment":[{"href":"https:\/\/reboq.com.br\/en\/wp-json\/wp\/v2\/media?parent=58"}],"curies":[{"name":"wp","href":"https:\/\/api.w.org\/{rel}","templated":true}]}}