{"id":144,"date":"2020-07-29T00:13:33","date_gmt":"2020-07-29T00:13:33","guid":{"rendered":"https:\/\/reboq.me\/?page_id=144"},"modified":"2021-01-26T14:08:44","modified_gmt":"2021-01-26T14:08:44","slug":"certificados","status":"publish","type":"page","link":"https:\/\/reboq.com.br\/en\/certificados\/","title":{"rendered":"Certificates"},"content":{"rendered":"<div data-elementor-type=\"wp-page\" data-elementor-id=\"144\" class=\"elementor elementor-144\" data-elementor-post-type=\"page\">\n\t\t\t\t\t\t<section class=\"elementor-section elementor-top-section elementor-element elementor-element-1f37761e elementor-section-boxed elementor-section-height-default elementor-section-height-default\" data-id=\"1f37761e\" data-element_type=\"section\" data-e-type=\"section\" data-settings=\"{&quot;background_background&quot;:&quot;classic&quot;}\">\n\t\t\t\t\t\t<div class=\"elementor-container elementor-column-gap-default\">\n\t\t\t\t\t<div class=\"elementor-column elementor-col-100 elementor-top-column elementor-element elementor-element-5043b719\" data-id=\"5043b719\" data-element_type=\"column\" data-e-type=\"column\">\n\t\t\t<div class=\"elementor-widget-wrap elementor-element-populated\">\n\t\t\t\t\t\t<div class=\"elementor-element elementor-element-edaa45d elementor-widget elementor-widget-heading\" data-id=\"edaa45d\" data-element_type=\"widget\" data-e-type=\"widget\" data-widget_type=\"heading.default\">\n\t\t\t\t<div class=\"elementor-widget-container\">\n\t\t\t\t\t<h2 class=\"elementor-heading-title elementor-size-default\">RE.BO.Q IS HOMOLOGATED BY BRAZILIAN AUTHORITIES AND RECEIVED A STATEMENT FROM THE FEDERAL ROAD POLICE (PRF)<\/h2>\t\t\t\t<\/div>\n\t\t\t\t<\/div>\n\t\t\t\t<div class=\"elementor-element elementor-element-bc8e9e3 elementor-widget elementor-widget-text-editor\" data-id=\"bc8e9e3\" data-element_type=\"widget\" data-e-type=\"widget\" data-widget_type=\"text-editor.default\">\n\t\t\t\t<div class=\"elementor-widget-container\">\n\t\t\t\t\t\t\t\t\t<h3>CHECK THE CERTIFICATES BELOW:<\/h3><div class=\"col-md-12\">\u00a0<\/div>\t\t\t\t\t\t\t\t<\/div>\n\t\t\t\t<\/div>\n\t\t\t\t<section class=\"elementor-section elementor-inner-section elementor-element elementor-element-43d698c elementor-section-boxed elementor-section-height-default elementor-section-height-default\" data-id=\"43d698c\" data-element_type=\"section\" data-e-type=\"section\">\n\t\t\t\t\t\t<div class=\"elementor-container elementor-column-gap-default\">\n\t\t\t\t\t<div class=\"elementor-column elementor-col-50 elementor-inner-column elementor-element elementor-element-6ec5419\" data-id=\"6ec5419\" data-element_type=\"column\" data-e-type=\"column\">\n\t\t\t<div class=\"elementor-widget-wrap elementor-element-populated\">\n\t\t\t\t\t\t<div class=\"elementor-element elementor-element-009c01b elementor-widget elementor-widget-image\" data-id=\"009c01b\" data-element_type=\"widget\" data-e-type=\"widget\" data-widget_type=\"image.default\">\n\t\t\t\t<div class=\"elementor-widget-container\">\n\t\t\t\t\t\t\t\t\t\t\t\t\t\t\t\t<a href=\"https:\/\/reboq.com.br\/wp-content\/uploads\/2021\/01\/inmetro2021.jpg\">\n\t\t\t\t\t\t\t<img fetchpriority=\"high\" decoding=\"async\" width=\"500\" height=\"500\" src=\"https:\/\/reboq.com.br\/wp-content\/uploads\/2020\/07\/inmetro.png\" class=\"attachment-large size-large wp-image-147\" alt=\"\" srcset=\"https:\/\/reboq.com.br\/wp-content\/uploads\/2020\/07\/inmetro.png 500w, https:\/\/reboq.com.br\/wp-content\/uploads\/2020\/07\/inmetro-300x300.png 300w, https:\/\/reboq.com.br\/wp-content\/uploads\/2020\/07\/inmetro-150x150.png 150w\" sizes=\"(max-width: 500px) 100vw, 500px\" \/>\t\t\t\t\t\t\t\t<\/a>\n\t\t\t\t\t\t\t\t\t\t\t\t\t\t\t<\/div>\n\t\t\t\t<\/div>\n\t\t\t\t\t<\/div>\n\t\t<\/div>\n\t\t\t\t<div class=\"elementor-column elementor-col-50 elementor-inner-column elementor-element elementor-element-05275b1\" data-id=\"05275b1\" data-element_type=\"column\" data-e-type=\"column\">\n\t\t\t<div class=\"elementor-widget-wrap elementor-element-populated\">\n\t\t\t\t\t\t<div class=\"elementor-element elementor-element-46d6425 elementor-widget elementor-widget-image\" data-id=\"46d6425\" data-element_type=\"widget\" data-e-type=\"widget\" data-widget_type=\"image.default\">\n\t\t\t\t<div class=\"elementor-widget-container\">\n\t\t\t\t\t\t\t\t\t\t\t\t\t\t\t\t<a href=\"https:\/\/reboq.com.br\/wp-content\/uploads\/2020\/08\/detran-1.jpg\">\n\t\t\t\t\t\t\t<img decoding=\"async\" width=\"500\" height=\"500\" src=\"https:\/\/reboq.com.br\/wp-content\/uploads\/2020\/07\/logo_denatran-1.png\" class=\"attachment-large size-large wp-image-148\" alt=\"\" srcset=\"https:\/\/reboq.com.br\/wp-content\/uploads\/2020\/07\/logo_denatran-1.png 500w, https:\/\/reboq.com.br\/wp-content\/uploads\/2020\/07\/logo_denatran-1-300x300.png 300w, https:\/\/reboq.com.br\/wp-content\/uploads\/2020\/07\/logo_denatran-1-150x150.png 150w\" sizes=\"(max-width: 500px) 100vw, 500px\" \/>\t\t\t\t\t\t\t\t<\/a>\n\t\t\t\t\t\t\t\t\t\t\t\t\t\t\t<\/div>\n\t\t\t\t<\/div>\n\t\t\t\t\t<\/div>\n\t\t<\/div>\n\t\t\t\t\t<\/div>\n\t\t<\/section>\n\t\t\t\t<section class=\"elementor-section elementor-inner-section elementor-element elementor-element-4f65d23 elementor-section-boxed elementor-section-height-default elementor-section-height-default\" data-id=\"4f65d23\" data-element_type=\"section\" data-e-type=\"section\">\n\t\t\t\t\t\t<div class=\"elementor-container elementor-column-gap-default\">\n\t\t\t\t\t<div class=\"elementor-column elementor-col-50 elementor-inner-column elementor-element elementor-element-0003077\" data-id=\"0003077\" data-element_type=\"column\" data-e-type=\"column\">\n\t\t\t<div class=\"elementor-widget-wrap elementor-element-populated\">\n\t\t\t\t\t\t<div class=\"elementor-element elementor-element-079be29 elementor-widget elementor-widget-image\" data-id=\"079be29\" data-element_type=\"widget\" data-e-type=\"widget\" data-widget_type=\"image.default\">\n\t\t\t\t<div class=\"elementor-widget-container\">\n\t\t\t\t\t\t\t\t\t\t\t\t\t\t\t\t<a href=\"https:\/\/reboq.com.br\/wp-content\/uploads\/2020\/08\/policia-1.jpg\">\n\t\t\t\t\t\t\t<img decoding=\"async\" width=\"500\" height=\"500\" src=\"https:\/\/reboq.com.br\/wp-content\/uploads\/2020\/07\/PRF_final.png\" class=\"attachment-large size-large wp-image-149\" alt=\"\" srcset=\"https:\/\/reboq.com.br\/wp-content\/uploads\/2020\/07\/PRF_final.png 500w, https:\/\/reboq.com.br\/wp-content\/uploads\/2020\/07\/PRF_final-300x300.png 300w, https:\/\/reboq.com.br\/wp-content\/uploads\/2020\/07\/PRF_final-150x150.png 150w\" sizes=\"(max-width: 500px) 100vw, 500px\" \/>\t\t\t\t\t\t\t\t<\/a>\n\t\t\t\t\t\t\t\t\t\t\t\t\t\t\t<\/div>\n\t\t\t\t<\/div>\n\t\t\t\t\t<\/div>\n\t\t<\/div>\n\t\t\t\t<div class=\"elementor-column elementor-col-50 elementor-inner-column elementor-element elementor-element-5a77746\" data-id=\"5a77746\" data-element_type=\"column\" data-e-type=\"column\">\n\t\t\t<div class=\"elementor-widget-wrap elementor-element-populated\">\n\t\t\t\t\t\t<div class=\"elementor-element elementor-element-a26b3cb elementor-widget elementor-widget-image\" data-id=\"a26b3cb\" data-element_type=\"widget\" data-e-type=\"widget\" data-widget_type=\"image.default\">\n\t\t\t\t<div class=\"elementor-widget-container\">\n\t\t\t\t\t\t\t\t\t\t\t\t\t\t\t\t<a href=\"https:\/\/reboq.com.br\/wp-content\/uploads\/2020\/08\/0001-scaled.jpg\">\n\t\t\t\t\t\t\t<img loading=\"lazy\" decoding=\"async\" width=\"500\" height=\"500\" src=\"https:\/\/reboq.com.br\/wp-content\/uploads\/2020\/07\/abnt.png\" class=\"attachment-large size-large wp-image-146\" alt=\"\" srcset=\"https:\/\/reboq.com.br\/wp-content\/uploads\/2020\/07\/abnt.png 500w, https:\/\/reboq.com.br\/wp-content\/uploads\/2020\/07\/abnt-300x300.png 300w, https:\/\/reboq.com.br\/wp-content\/uploads\/2020\/07\/abnt-150x150.png 150w\" sizes=\"(max-width: 500px) 100vw, 500px\" \/>\t\t\t\t\t\t\t\t<\/a>\n\t\t\t\t\t\t\t\t\t\t\t\t\t\t\t<\/div>\n\t\t\t\t<\/div>\n\t\t\t\t\t<\/div>\n\t\t<\/div>\n\t\t\t\t\t<\/div>\n\t\t<\/section>\n\t\t\t\t<div class=\"elementor-element elementor-element-5de5e424 elementor-align-center elementor-widget elementor-widget-button\" data-id=\"5de5e424\" data-element_type=\"widget\" data-e-type=\"widget\" data-widget_type=\"button.default\">\n\t\t\t\t<div class=\"elementor-widget-container\">\n\t\t\t\t\t\t\t\t\t<div class=\"elementor-button-wrapper\">\n\t\t\t\t\t<a class=\"elementor-button elementor-button-link elementor-size-md\" href=\"https:\/\/reboq.com.br\/en\/contato\/\">\n\t\t\t\t\t\t<span class=\"elementor-button-content-wrapper\">\n\t\t\t\t\t\t\t\t\t<span class=\"elementor-button-text\">I want to purchase my Re.bo.q<\/span>\n\t\t\t\t\t<\/span>\n\t\t\t\t\t<\/a>\n\t\t\t\t<\/div>\n\t\t\t\t\t\t\t\t<\/div>\n\t\t\t\t<\/div>\n\t\t\t\t\t<\/div>\n\t\t<\/div>\n\t\t\t\t\t<\/div>\n\t\t<\/section>\n\t\t\t\t<\/div>","protected":false},"excerpt":{"rendered":"<p>O RE.BO.Q \u00c9 HOMOLOGADO PELO INMETRO E PELO DENATRAN E RECEBEU UMA DECLARA\u00c7\u00c3O DA POL\u00cdCIA RODOVI\u00c1RIA FEDERAL (PRF) CONFIRA OS CERTIFICADOS ABAIXO: \u00a0 Quero adquirir meu Re.bo.q<\/p>","protected":false},"author":1,"featured_media":0,"parent":0,"menu_order":0,"comment_status":"closed","ping_status":"closed","template":"elementor_header_footer","meta":{"footnotes":""},"class_list":["post-144","page","type-page","status-publish","hentry"],"_links":{"self":[{"href":"https:\/\/reboq.com.br\/en\/wp-json\/wp\/v2\/pages\/144","targetHints":{"allow":["GET"]}}],"collection":[{"href":"https:\/\/reboq.com.br\/en\/wp-json\/wp\/v2\/pages"}],"about":[{"href":"https:\/\/reboq.com.br\/en\/wp-json\/wp\/v2\/types\/page"}],"author":[{"embeddable":true,"href":"https:\/\/reboq.com.br\/en\/wp-json\/wp\/v2\/users\/1"}],"replies":[{"embeddable":true,"href":"https:\/\/reboq.com.br\/en\/wp-json\/wp\/v2\/comments?post=144"}],"version-history":[{"count":14,"href":"https:\/\/reboq.com.br\/en\/wp-json\/wp\/v2\/pages\/144\/revisions"}],"predecessor-version":[{"id":354,"href":"https:\/\/reboq.com.br\/en\/wp-json\/wp\/v2\/pages\/144\/revisions\/354"}],"wp:attachment":[{"href":"https:\/\/reboq.com.br\/en\/wp-json\/wp\/v2\/media?parent=144"}],"curies":[{"name":"wp","href":"https:\/\/api.w.org\/{rel}","templated":true}]}}